{"id":13,"date":"2022-08-18T10:53:47","date_gmt":"2022-08-18T10:53:47","guid":{"rendered":"https:\/\/scoalagaliceamare.ro\/?page_id=13"},"modified":"2024-08-26T14:49:38","modified_gmt":"2024-08-26T11:49:38","slug":"prezentare","status":"publish","type":"page","link":"https:\/\/scoalagaliceamare.ro\/?page_id=13","title":{"rendered":"PREZENTARE"},"content":{"rendered":"\t\t<div data-elementor-type=\"wp-page\" data-elementor-id=\"13\" class=\"elementor elementor-13\">\n\t\t\t\t\t\t\t\t\t<section class=\"elementor-section elementor-top-section elementor-element elementor-element-4c05e06 elementor-section-boxed elementor-section-height-default elementor-section-height-default\" data-id=\"4c05e06\" data-element_type=\"section\">\n\t\t\t\t\t\t<div class=\"elementor-container elementor-column-gap-default\">\n\t\t\t\t\t<div class=\"elementor-column elementor-col-33 elementor-top-column elementor-element elementor-element-4fd62e9\" data-id=\"4fd62e9\" data-element_type=\"column\">\n\t\t\t<div class=\"elementor-widget-wrap elementor-element-populated\">\n\t\t\t\t\t\t\t\t<div class=\"elementor-element elementor-element-ec9bf9d elementor-widget elementor-widget-text-editor\" data-id=\"ec9bf9d\" data-element_type=\"widget\" data-widget_type=\"text-editor.default\">\n\t\t\t\t<div class=\"elementor-widget-container\">\n\t\t\t<style>\/*! elementor - v3.7.1 - 14-08-2022 *\/\n.elementor-widget-text-editor.elementor-drop-cap-view-stacked .elementor-drop-cap{background-color:#818a91;color:#fff}.elementor-widget-text-editor.elementor-drop-cap-view-framed .elementor-drop-cap{color:#818a91;border:3px solid;background-color:transparent}.elementor-widget-text-editor:not(.elementor-drop-cap-view-default) .elementor-drop-cap{margin-top:8px}.elementor-widget-text-editor:not(.elementor-drop-cap-view-default) .elementor-drop-cap-letter{width:1em;height:1em}.elementor-widget-text-editor .elementor-drop-cap{float:left;text-align:center;line-height:1;font-size:50px}.elementor-widget-text-editor .elementor-drop-cap-letter{display:inline-block}<\/style>\t\t\t\t<p>Anexa la Ordinul M.E.N.C.S. nr. privind aprobarea Regulamentului-cadru de organizare \u0219i func\u021bionare a<br \/>unit\u0103\u021bilor de \u00eenv\u0103\u021b\u0103m\u00e2nt preuniversitar<\/p><p>Document pdf &gt;&gt;&gt; <a href=\"https:\/\/scoalagaliceamare.ro\/wp-content\/uploads\/2024\/08\/ROFUIP-.pdf\">ROFUIP<\/a><\/p>\t\t\t\t\t\t<\/div>\n\t\t\t\t<\/div>\n\t\t\t\t\t<\/div>\n\t\t<\/div>\n\t\t\t\t<div class=\"elementor-column elementor-col-66 elementor-top-column elementor-element elementor-element-b12d43c\" data-id=\"b12d43c\" data-element_type=\"column\">\n\t\t\t<div class=\"elementor-widget-wrap elementor-element-populated\">\n\t\t\t\t\t\t\t\t<div class=\"elementor-element elementor-element-3531e19 elementor-widget elementor-widget-text-editor\" data-id=\"3531e19\" data-element_type=\"widget\" data-widget_type=\"text-editor.default\">\n\t\t\t\t<div class=\"elementor-widget-container\">\n\t\t\t\t\t\t\t<h3>REGULAMENTUL DE ORDINE<br \/>INTERIOAR\u0102<\/h3><h3>An \u015fcolar 2024-2025<\/h3><h3>Document pdf &gt;&gt;&gt; ROI 2024-2025<\/h3>\t\t\t\t\t\t<\/div>\n\t\t\t\t<\/div>\n\t\t\t\t\t<\/div>\n\t\t<\/div>\n\t\t\t\t\t\t\t<\/div>\n\t\t<\/section>\n\t\t\t\t<section class=\"elementor-section elementor-top-section elementor-element elementor-element-d5a14e5 elementor-section-boxed elementor-section-height-default elementor-section-height-default\" data-id=\"d5a14e5\" data-element_type=\"section\" data-settings=\"{&quot;background_background&quot;:&quot;gradient&quot;}\">\n\t\t\t\t\t\t<div class=\"elementor-container elementor-column-gap-default\">\n\t\t\t\t\t<div class=\"elementor-column elementor-col-100 elementor-top-column elementor-element elementor-element-2df8e4e\" data-id=\"2df8e4e\" data-element_type=\"column\">\n\t\t\t<div class=\"elementor-widget-wrap elementor-element-populated\">\n\t\t\t\t\t\t\t\t<div class=\"elementor-element elementor-element-db43ae7 elementor-widget elementor-widget-spacer\" data-id=\"db43ae7\" data-element_type=\"widget\" data-widget_type=\"spacer.default\">\n\t\t\t\t<div class=\"elementor-widget-container\">\n\t\t\t<style>\/*! elementor - v3.7.1 - 14-08-2022 *\/\n.elementor-column .elementor-spacer-inner{height:var(--spacer-size)}.e-container{--container-widget-width:100%}.e-container>.elementor-widget-spacer{width:var(--container-widget-width,var(--spacer-size));-ms-flex-item-align:stretch;align-self:stretch;-ms-flex-negative:0;flex-shrink:0}.e-container>.elementor-widget-spacer>.elementor-widget-container,.e-container>.elementor-widget-spacer>.elementor-widget-container>.elementor-spacer{height:100%}.e-container>.elementor-widget-spacer>.elementor-widget-container>.elementor-spacer>.elementor-spacer-inner{height:var(--container-widget-height,var(--spacer-size))}<\/style>\t\t<div class=\"elementor-spacer\">\n\t\t\t<div class=\"elementor-spacer-inner\"><\/div>\n\t\t<\/div>\n\t\t\t\t<\/div>\n\t\t\t\t<\/div>\n\t\t\t\t\t<\/div>\n\t\t<\/div>\n\t\t\t\t\t\t\t<\/div>\n\t\t<\/section>\n\t\t\t\t<section class=\"elementor-section elementor-top-section elementor-element elementor-element-5054ef8 elementor-section-boxed elementor-section-height-default elementor-section-height-default\" data-id=\"5054ef8\" data-element_type=\"section\">\n\t\t\t\t\t\t<div class=\"elementor-container elementor-column-gap-default\">\n\t\t\t\t\t<div class=\"elementor-column elementor-col-100 elementor-top-column elementor-element elementor-element-11a3d48\" data-id=\"11a3d48\" data-element_type=\"column\">\n\t\t\t<div class=\"elementor-widget-wrap elementor-element-populated\">\n\t\t\t\t\t\t\t\t<div class=\"elementor-element elementor-element-cc5fd56 elementor-widget elementor-widget-spacer\" data-id=\"cc5fd56\" data-element_type=\"widget\" data-widget_type=\"spacer.default\">\n\t\t\t\t<div class=\"elementor-widget-container\">\n\t\t\t\t\t<div class=\"elementor-spacer\">\n\t\t\t<div class=\"elementor-spacer-inner\"><\/div>\n\t\t<\/div>\n\t\t\t\t<\/div>\n\t\t\t\t<\/div>\n\t\t\t\t\t<\/div>\n\t\t<\/div>\n\t\t\t\t\t\t\t<\/div>\n\t\t<\/section>\n\t\t\t\t<section class=\"elementor-section elementor-top-section elementor-element elementor-element-fc3d2bc elementor-section-boxed elementor-section-height-default elementor-section-height-default\" data-id=\"fc3d2bc\" data-element_type=\"section\">\n\t\t\t\t\t\t<div class=\"elementor-container elementor-column-gap-default\">\n\t\t\t\t\t<div class=\"elementor-column elementor-col-33 elementor-top-column elementor-element elementor-element-b6e4a91\" data-id=\"b6e4a91\" data-element_type=\"column\">\n\t\t\t<div class=\"elementor-widget-wrap elementor-element-populated\">\n\t\t\t\t\t\t\t\t<div class=\"elementor-element elementor-element-446c821 elementor-widget elementor-widget-text-editor\" data-id=\"446c821\" data-element_type=\"widget\" data-widget_type=\"text-editor.default\">\n\t\t\t\t<div class=\"elementor-widget-container\">\n\t\t\t\t\t\t\t\t\t\t\t\t\t<\/div>\n\t\t\t\t<\/div>\n\t\t\t\t\t<\/div>\n\t\t<\/div>\n\t\t\t\t<div class=\"elementor-column elementor-col-66 elementor-top-column elementor-element elementor-element-929e48c\" data-id=\"929e48c\" data-element_type=\"column\">\n\t\t\t<div class=\"elementor-widget-wrap elementor-element-populated\">\n\t\t\t\t\t\t\t\t<div class=\"elementor-element elementor-element-039b77a elementor-widget elementor-widget-text-editor\" data-id=\"039b77a\" data-element_type=\"widget\" data-widget_type=\"text-editor.default\">\n\t\t\t\t<div class=\"elementor-widget-container\">\n\t\t\t\t\t\t\t<h3>REGULAMENTUL DE ORDINE<br \/>INTERIOAR\u0102<\/h3><h3>An \u015fcolar 2023-2024<\/h3><h3>Document pdf &gt;&gt;&gt; <a href=\"https:\/\/scoalagaliceamare.ro\/wp-content\/uploads\/2023\/10\/ROI-2023-2024.pdf\">ROI 2023-2024<\/a><\/h3>\t\t\t\t\t\t<\/div>\n\t\t\t\t<\/div>\n\t\t\t\t\t<\/div>\n\t\t<\/div>\n\t\t\t\t\t\t\t<\/div>\n\t\t<\/section>\n\t\t\t\t<section class=\"elementor-section elementor-top-section elementor-element elementor-element-8248e06 elementor-section-boxed elementor-section-height-default elementor-section-height-default\" data-id=\"8248e06\" data-element_type=\"section\" data-settings=\"{&quot;background_background&quot;:&quot;gradient&quot;}\">\n\t\t\t\t\t\t<div class=\"elementor-container elementor-column-gap-default\">\n\t\t\t\t\t<div class=\"elementor-column elementor-col-100 elementor-top-column elementor-element elementor-element-b57c63b\" data-id=\"b57c63b\" data-element_type=\"column\">\n\t\t\t<div class=\"elementor-widget-wrap elementor-element-populated\">\n\t\t\t\t\t\t\t\t<div class=\"elementor-element elementor-element-a237552 elementor-widget elementor-widget-spacer\" data-id=\"a237552\" data-element_type=\"widget\" data-widget_type=\"spacer.default\">\n\t\t\t\t<div class=\"elementor-widget-container\">\n\t\t\t\t\t<div class=\"elementor-spacer\">\n\t\t\t<div class=\"elementor-spacer-inner\"><\/div>\n\t\t<\/div>\n\t\t\t\t<\/div>\n\t\t\t\t<\/div>\n\t\t\t\t\t<\/div>\n\t\t<\/div>\n\t\t\t\t\t\t\t<\/div>\n\t\t<\/section>\n\t\t\t\t<section class=\"elementor-section elementor-top-section elementor-element elementor-element-4466a34 elementor-section-boxed elementor-section-height-default elementor-section-height-default\" data-id=\"4466a34\" data-element_type=\"section\">\n\t\t\t\t\t\t<div class=\"elementor-container elementor-column-gap-default\">\n\t\t\t\t\t<div class=\"elementor-column elementor-col-33 elementor-top-column elementor-element elementor-element-67752dc\" data-id=\"67752dc\" data-element_type=\"column\">\n\t\t\t<div class=\"elementor-widget-wrap elementor-element-populated\">\n\t\t\t\t\t\t\t\t<div class=\"elementor-element elementor-element-ebe2f59 elementor-widget elementor-widget-text-editor\" data-id=\"ebe2f59\" data-element_type=\"widget\" data-widget_type=\"text-editor.default\">\n\t\t\t\t<div class=\"elementor-widget-container\">\n\t\t\t\t\t\t\t<p>DIRECTORUL \u0218colii Gimnaziale Galicea Mare:<br>PROF. NEAM\u021aU COSTEL&nbsp;<\/p>\n<p>REPREZENTANT SINDICAT ,,SPIRU HARET&#8221;:<br>PROF. HOARC\u0102 CLAUDIA&nbsp;<\/p><p>REPREZENTANTI SALARIATI<\/p>\t\t\t\t\t\t<\/div>\n\t\t\t\t<\/div>\n\t\t\t\t\t<\/div>\n\t\t<\/div>\n\t\t\t\t<div class=\"elementor-column elementor-col-66 elementor-top-column elementor-element elementor-element-e5cd6ad\" data-id=\"e5cd6ad\" data-element_type=\"column\">\n\t\t\t<div class=\"elementor-widget-wrap elementor-element-populated\">\n\t\t\t\t\t\t\t\t<div class=\"elementor-element elementor-element-16fe303 elementor-widget elementor-widget-text-editor\" data-id=\"16fe303\" data-element_type=\"widget\" data-widget_type=\"text-editor.default\">\n\t\t\t\t<div class=\"elementor-widget-container\">\n\t\t\t\t\t\t\t<h3>REGULAMENTUL DE ORDINE<br \/>INTERIOAR\u0102<\/h3><h3>An \u015fcolar 2022-2023<\/h3><h3>Document pdf &gt;&gt;&gt; <a href=\"https:\/\/scoalagaliceamare.ro\/wp-content\/uploads\/2023\/02\/REGULAMENT-INTERN-09.2022.pdf\" target=\"_blank\" rel=\"noopener\">REGULAMENT INTERN <\/a><\/h3>\t\t\t\t\t\t<\/div>\n\t\t\t\t<\/div>\n\t\t\t\t\t<\/div>\n\t\t<\/div>\n\t\t\t\t\t\t\t<\/div>\n\t\t<\/section>\n\t\t\t\t<section class=\"elementor-section elementor-top-section elementor-element elementor-element-a0a0504 elementor-section-boxed elementor-section-height-default elementor-section-height-default\" data-id=\"a0a0504\" data-element_type=\"section\">\n\t\t\t\t\t\t<div class=\"elementor-container elementor-column-gap-default\">\n\t\t\t\t\t<div class=\"elementor-column elementor-col-33 elementor-top-column elementor-element elementor-element-d0b840a\" data-id=\"d0b840a\" data-element_type=\"column\">\n\t\t\t<div class=\"elementor-widget-wrap elementor-element-populated\">\n\t\t\t\t\t\t\t\t<div class=\"elementor-element elementor-element-288650b elementor-widget elementor-widget-text-editor\" data-id=\"288650b\" data-element_type=\"widget\" data-widget_type=\"text-editor.default\">\n\t\t\t\t<div class=\"elementor-widget-container\">\n\t\t\t\t\t\t\t<p>Aprobat \u00een \u015fedin\u0163a CA,<br \/>Director,<br \/>Prof. NEAM\u021aU COSTEL<\/p><p>Comisia de elaborare a ROF:<br \/>Prof. Neam\u021bu Costel &#8211; Director<br \/>Prof. Hoarc\u0103 Claudia \u2013 responsabil comisie<br \/>Prof. P\u0103sat-Mic Elena Corina \u2013 membru SCIM<\/p>\t\t\t\t\t\t<\/div>\n\t\t\t\t<\/div>\n\t\t\t\t\t<\/div>\n\t\t<\/div>\n\t\t\t\t<div class=\"elementor-column elementor-col-66 elementor-top-column elementor-element elementor-element-f9df360\" data-id=\"f9df360\" data-element_type=\"column\">\n\t\t\t<div class=\"elementor-widget-wrap elementor-element-populated\">\n\t\t\t\t\t\t\t\t<div class=\"elementor-element elementor-element-9742828 elementor-widget elementor-widget-text-editor\" data-id=\"9742828\" data-element_type=\"widget\" data-widget_type=\"text-editor.default\">\n\t\t\t\t<div class=\"elementor-widget-container\">\n\t\t\t\t\t\t\t<h3>REGULAMENTUL\nDE ORGANIZARE \u015eI FUNC\u0162IONARE<\/h3>\n<h3>Document pdf &gt;&gt;&gt; <a target=\"_blank\" href=\"https:\/\/scoalagaliceamare.ro\/wp-content\/uploads\/2023\/02\/REG-02-ROF-gimnazial-09.2022.pdf\">REG 02 ROF <\/a><\/h3>\t\t\t\t\t\t<\/div>\n\t\t\t\t<\/div>\n\t\t\t\t\t<\/div>\n\t\t<\/div>\n\t\t\t\t\t\t\t<\/div>\n\t\t<\/section>\n\t\t\t\t\t\t\t<\/div>\n\t\t","protected":false},"excerpt":{"rendered":"<p>Anexa la Ordinul M.E.N.C.S. nr. privind aprobarea Regulamentului-cadru de organizare \u0219i func\u021bionare aunit\u0103\u021bilor de \u00eenv\u0103\u021b\u0103m\u00e2nt preuniversitar Document pdf &gt;&gt;&gt; ROFUIP REGULAMENTUL DE ORDINEINTERIOAR\u0102 An \u015fcolar 2024-2025 Document pdf &gt;&gt;&gt; ROI 2024-2025 REGULAMENTUL DE ORDINEINTERIOAR\u0102 An \u015fcolar 2023-2024 Document pdf &gt;&gt;&gt; ROI 2023-2024 DIRECTORUL \u0218colii Gimnaziale Galicea Mare:PROF. NEAM\u021aU COSTEL&nbsp; REPREZENTANT SINDICAT ,,SPIRU HARET&#8221;:PROF. HOARC\u0102 CLAUDIA&nbsp; [&hellip;]<\/p>\n","protected":false},"author":1,"featured_media":0,"parent":0,"menu_order":0,"comment_status":"closed","ping_status":"closed","template":"","meta":{"footnotes":""},"class_list":["post-13","page","type-page","status-publish","hentry","entry"],"_links":{"self":[{"href":"https:\/\/scoalagaliceamare.ro\/index.php?rest_route=\/wp\/v2\/pages\/13","targetHints":{"allow":["GET"]}}],"collection":[{"href":"https:\/\/scoalagaliceamare.ro\/index.php?rest_route=\/wp\/v2\/pages"}],"about":[{"href":"https:\/\/scoalagaliceamare.ro\/index.php?rest_route=\/wp\/v2\/types\/page"}],"author":[{"embeddable":true,"href":"https:\/\/scoalagaliceamare.ro\/index.php?rest_route=\/wp\/v2\/users\/1"}],"replies":[{"embeddable":true,"href":"https:\/\/scoalagaliceamare.ro\/index.php?rest_route=%2Fwp%2Fv2%2Fcomments&post=13"}],"version-history":[{"count":31,"href":"https:\/\/scoalagaliceamare.ro\/index.php?rest_route=\/wp\/v2\/pages\/13\/revisions"}],"predecessor-version":[{"id":535,"href":"https:\/\/scoalagaliceamare.ro\/index.php?rest_route=\/wp\/v2\/pages\/13\/revisions\/535"}],"wp:attachment":[{"href":"https:\/\/scoalagaliceamare.ro\/index.php?rest_route=%2Fwp%2Fv2%2Fmedia&parent=13"}],"curies":[{"name":"wp","href":"https:\/\/api.w.org\/{rel}","templated":true}]}}