{"id":3,"date":"2022-08-16T06:00:48","date_gmt":"2022-08-16T06:00:48","guid":{"rendered":"https:\/\/scoalagaliceamare.ro\/?page_id=3"},"modified":"2022-08-19T11:14:27","modified_gmt":"2022-08-19T08:14:27","slug":"privacy-policy","status":"publish","type":"page","link":"https:\/\/scoalagaliceamare.ro\/?page_id=3","title":{"rendered":"Politica de confiden\u021bialitate si cooki-uri"},"content":{"rendered":"\t\t<div data-elementor-type=\"wp-page\" data-elementor-id=\"3\" class=\"elementor elementor-3\">\n\t\t\t\t\t\t\t\t\t<section class=\"elementor-section elementor-top-section elementor-element elementor-element-5cc9fcd9 elementor-section-boxed elementor-section-height-default elementor-section-height-default\" data-id=\"5cc9fcd9\" data-element_type=\"section\">\n\t\t\t\t\t\t<div class=\"elementor-container elementor-column-gap-default\">\n\t\t\t\t\t<div class=\"elementor-column elementor-col-100 elementor-top-column elementor-element elementor-element-47a463c2\" data-id=\"47a463c2\" data-element_type=\"column\">\n\t\t\t<div class=\"elementor-widget-wrap elementor-element-populated\">\n\t\t\t\t\t\t\t\t<div class=\"elementor-element elementor-element-67130b96 elementor-widget elementor-widget-text-editor\" data-id=\"67130b96\" data-element_type=\"widget\" data-widget_type=\"text-editor.default\">\n\t\t\t\t<div class=\"elementor-widget-container\">\n\t\t\t<style>\/*! elementor - v3.7.1 - 14-08-2022 *\/\n.elementor-widget-text-editor.elementor-drop-cap-view-stacked .elementor-drop-cap{background-color:#818a91;color:#fff}.elementor-widget-text-editor.elementor-drop-cap-view-framed .elementor-drop-cap{color:#818a91;border:3px solid;background-color:transparent}.elementor-widget-text-editor:not(.elementor-drop-cap-view-default) .elementor-drop-cap{margin-top:8px}.elementor-widget-text-editor:not(.elementor-drop-cap-view-default) .elementor-drop-cap-letter{width:1em;height:1em}.elementor-widget-text-editor .elementor-drop-cap{float:left;text-align:center;line-height:1;font-size:50px}.elementor-widget-text-editor .elementor-drop-cap-letter{display:inline-block}<\/style>\t\t\t\t<p><!-- wp:heading --><\/p>\n<h3>Cine suntem?<\/h3>\n<div>\u0218coala Gimnazial\u0103 Galicea Mare este o institu\u021bie de \u00eenv\u0103\u021b\u0103m\u00e2nt gimnazial \u0219i primar aflat\u0103 \u00een localitatea Galicea Mare din jude\u021bul Dolj. Avem pagina web\u00a0<span style=\"font-size: 14px; color: var( --e-global-color-text );\">https:\/\/scoalagaliceamare.ro\/ dezvoltat\u0103 \u00een WordPress &#8211; acest website foloseste at\u00e2t cookie-uri proprii, c\u00e2t \u015fi de la ter\u0163i, pentru a furniza vizitatorilor o experien\u0163\u0103 mult mai bun\u0103 de navigare \u015fi servicii adaptate nevoilor \u015fi interesului fiec\u0103ruia.\u00a0<\/span><\/div>\n<div>\u00cen conformitate cu Directiva &#8222;e-Intimitate&#8221; a UE, \u00een vigoare de la 26 mai 2012 \u015fi cu prevederile Legii nr. 506 din 17 noiembrie 2004 privind prelucrarea datelor cu caracter personal \u015fi protec\u0163ia vie\u0163ii private \u00een sectorul comunica\u0163iilor electronice, tuturor vizitatorilor website-ului li se cere consim\u0163\u0103m\u00e2ntul \u00eenaintea transmiterii de cookies \u00een computerele acestora. \u00a0<\/div>\n<div>\u00a0<\/div>\n<div>\n<h3 dir=\"ltr\">Ce este un &#8222;cookie&#8221;?<\/h3>\n<p dir=\"ltr\">Un &#8222;Internet Cookie&#8221; (termen cunoscut \u015fi ca &#8222;browser cookie&#8221;, &#8222;HTTP cookie&#8221; sau pur \u015fi simplu &#8222;cookie&#8221;) este un fi\u015fier de mici dimensiuni, format din litere \u015fi cifre, care va fi stocat pe computerul, terminalul mobil sau alte echipamente ale unui utilizator de pe care se acceseaz\u0103 Internetul. Cookie-ul este instalat prin solicitarea emis\u0103 de c\u0103tre un web-server unui browser (ex: Internet Explorer, Chrome) \u015fi este complet &#8222;pasiv&#8221; (nu contine programe software, virusi sau spyware si nu poate accesa informatiile de pe hard driveul utilizatorului).<\/p>\n<\/div>\n<h2 dir=\"ltr\">Care este scopul \u0219i utilizarea modulelor cookie?<\/h2>\n<p dir=\"ltr\">Platforma\u00a0<span style=\"font-family: Roboto, sans-serif; font-size: 14px; font-style: normal; font-variant-ligatures: normal; font-variant-caps: normal; font-weight: 400;\">https:\/\/scoalagaliceamare.ro\/\u00a0<\/span>\u00a0instaleaz\u0103 module cookie doar pentru a permite \u00eembun\u0103t\u0103\u021birea func\u021biilor oferite, astfel \u00eenc\u00e2t experien\u021ba ocazionat\u0103 de vizitarea site-ului s\u0103 devin\u0103 mai pl\u0103cut\u0103. Domeniul\u00a0<span style=\"font-family: Roboto, sans-serif; font-size: 14px; font-style: normal; font-variant-ligatures: normal; font-variant-caps: normal; font-weight: 400;\">https:\/\/scoalagaliceamare.ro\/\u00a0<\/span>\u00a0nu utilizeaz\u0103 module cookie pentru a culege, a prelucra, a difuza sau a \u00eenregistra date cu caracter personal.<\/p>\n<p style=\"font-size: 13px; line-height: 1.5; margin-top: 1em; margin-bottom: 1em; color: #3c434a; font-family: -apple-system, BlinkMacSystemFont, 'Segoe UI', Roboto, Oxygen-Sans, Ubuntu, Cantarell, 'Helvetica Neue', sans-serif; font-style: normal; font-variant-ligatures: normal; font-variant-caps: normal; font-weight: 400;\">\u00cen aceast\u0103 sec\u021biune, ar trebui s\u0103 men\u021bionezi URL-ul site-ului t\u0103u, precum \u0219i numele companiei, organiza\u021biei sau persoanei din spatele site-ului \u0219i c\u00e2teva informa\u021bii de contact exacte.<\/p>\n<p style=\"font-size: 13px; line-height: 1.5; margin-top: 1em; margin-bottom: 1em; color: #3c434a; font-family: -apple-system, BlinkMacSystemFont, 'Segoe UI', Roboto, Oxygen-Sans, Ubuntu, Cantarell, 'Helvetica Neue', sans-serif; font-style: normal; font-variant-ligatures: normal; font-variant-caps: normal; font-weight: 400;\">Cantitatea de informa\u021bii pe care ar trebui s-o afi\u0219ezi va varia \u00een func\u021bie de reglement\u0103rile comerciale locale sau na\u021bionale. De exemplu, \u021bi se poate cere s\u0103 afi\u0219ezi o adres\u0103 fizic\u0103, o adres\u0103 \u00eenregistrat\u0103 sau num\u0103rul de \u00eenregistrare al companiei tale.<\/p>\n<p>\u00a0<\/p>\n<h3 dir=\"ltr\">Care sunt avantajele cookie-urilor?<\/h3>\n<p dir=\"ltr\">Un cookie con\u0163ine informa\u0163ii care fac leg\u0103tura \u00eentre un web-browser (utilizator) \u015fi un web-server anume (website-ul). Dac\u0103 un browser acceseaz\u0103 acel web-server din nou, acesta poate citi informa\u0163ia deja stocat\u0103 \u015fi reac\u0163iona \u00een consecin\u0163\u0103. Cookie-urile asigur\u0103 utilizatorilor o experien\u0163\u0103 pl\u0103cut\u0103 de navigare \u015fi sus\u0163in eforturile multor website-uri pentru a oferi servicii confortabile utilizatorilor: ex &#8211; preferin\u0163ele \u00een materie de confiden\u0163ialitate online, op\u0163iunile privind limba site-ului, co\u015furi de cump\u0103r\u0103turi sau publicitate relevant\u0103.<\/p>\n<p>\u00a0<\/p>\n<h3 dir=\"ltr\">Care este durata de via\u0163\u0103 a unui cookie?<\/h3>\n<p dir=\"ltr\">Cookie-urile sunt administrate de webservere. Durata de via\u0163\u0103 a unui cookie poate varia semnificativ, depinz\u00e2nd de scopul pentru care este plasat. Unele cookie-uri sunt folosite exclusiv pentru o singur\u0103 sesiune (session cookies) \u015fi nu mai sunt re\u0163inute, odat\u0103 ce utilizatorul a p\u0103r\u0103sit website-ul, \u00een timp ce alte cookie-uri sunt re\u0163inute \u015fi refolosite de fiecare dat\u0103 c\u00e2nd utilizatorul revine pe acel website (&#8216;cookie-uri persistente&#8217;). Cu toate acestea, cookie-urile pot fi \u015fterse de un utilizator \u00een orice moment prin intermediul set\u0103rilor browserului.<\/p>\n<p dir=\"ltr\">\u00a0<\/p>\n<h3 dir=\"ltr\"><span style=\"color: #1d2327; font-family: -apple-system, BlinkMacSystemFont, 'Segoe UI', Roboto, Oxygen-Sans, Ubuntu, Cantarell, 'Helvetica Neue', sans-serif; font-size: 1.3em; font-style: normal; font-variant-ligatures: normal; font-variant-caps: normal; font-weight: 600;\">Analitice<\/span><\/h3>\n<p style=\"font-size: 13px; line-height: 1.5; margin-top: 1em; margin-bottom: 1em; color: #3c434a; font-family: -apple-system, BlinkMacSystemFont, 'Segoe UI', Roboto, Oxygen-Sans, Ubuntu, Cantarell, 'Helvetica Neue', sans-serif; font-style: normal; font-variant-ligatures: normal; font-variant-caps: normal; font-weight: 400;\"><span style=\"font-family: -apple-system, BlinkMacSystemFont, 'Segoe UI', Roboto, Oxygen-Sans, Ubuntu, Cantarell, 'Helvetica Neue', sans-serif; font-size: 13px; font-style: normal; font-variant-ligatures: normal; font-variant-caps: normal; font-weight: 400;\">\u00cen mod implicit, WordPress nu colecteaz\u0103 date analitice. Totu\u0219i, multe servicii de g\u0103zduire de pe web pot colecta\u00a0 date analitice anonime.\u00a0<\/span><\/p>\n<h2 style=\"color: #1d2327; font-size: 1.3em; margin-top: 1em; margin-bottom: 1em; font-family: -apple-system, BlinkMacSystemFont, 'Segoe UI', Roboto, Oxygen-Sans, Ubuntu, Cantarell, 'Helvetica Neue', sans-serif; font-style: normal; font-variant-ligatures: normal; font-variant-caps: normal;\">\u00a0<\/h2>\n<p><!-- \/wp:paragraph --><\/p>\t\t\t\t\t\t<\/div>\n\t\t\t\t<\/div>\n\t\t\t\t<div class=\"elementor-element elementor-element-020115e elementor-widget elementor-widget-text-editor\" data-id=\"020115e\" data-element_type=\"widget\" data-widget_type=\"text-editor.default\">\n\t\t\t\t<div class=\"elementor-widget-container\">\n\t\t\t\t\t\t\t\t\t\t\t\t\t<\/div>\n\t\t\t\t<\/div>\n\t\t\t\t\t<\/div>\n\t\t<\/div>\n\t\t\t\t\t\t\t<\/div>\n\t\t<\/section>\n\t\t\t\t\t\t\t<\/div>\n\t\t","protected":false},"excerpt":{"rendered":"<p>Cine suntem? \u0218coala Gimnazial\u0103 Galicea Mare este o institu\u021bie de \u00eenv\u0103\u021b\u0103m\u00e2nt gimnazial \u0219i primar aflat\u0103 \u00een localitatea Galicea Mare din jude\u021bul Dolj. Avem pagina web\u00a0https:\/\/scoalagaliceamare.ro\/ dezvoltat\u0103 \u00een WordPress &#8211; acest website foloseste at\u00e2t cookie-uri proprii, c\u00e2t \u015fi de la ter\u0163i, pentru a furniza vizitatorilor o experien\u0163\u0103 mult mai bun\u0103 de navigare \u015fi servicii adaptate nevoilor [&hellip;]<\/p>\n","protected":false},"author":1,"featured_media":0,"parent":0,"menu_order":0,"comment_status":"closed","ping_status":"open","template":"","meta":{"footnotes":""},"class_list":["post-3","page","type-page","status-publish","hentry","entry"],"_links":{"self":[{"href":"https:\/\/scoalagaliceamare.ro\/index.php?rest_route=\/wp\/v2\/pages\/3","targetHints":{"allow":["GET"]}}],"collection":[{"href":"https:\/\/scoalagaliceamare.ro\/index.php?rest_route=\/wp\/v2\/pages"}],"about":[{"href":"https:\/\/scoalagaliceamare.ro\/index.php?rest_route=\/wp\/v2\/types\/page"}],"author":[{"embeddable":true,"href":"https:\/\/scoalagaliceamare.ro\/index.php?rest_route=\/wp\/v2\/users\/1"}],"replies":[{"embeddable":true,"href":"https:\/\/scoalagaliceamare.ro\/index.php?rest_route=%2Fwp%2Fv2%2Fcomments&post=3"}],"version-history":[{"count":10,"href":"https:\/\/scoalagaliceamare.ro\/index.php?rest_route=\/wp\/v2\/pages\/3\/revisions"}],"predecessor-version":[{"id":82,"href":"https:\/\/scoalagaliceamare.ro\/index.php?rest_route=\/wp\/v2\/pages\/3\/revisions\/82"}],"wp:attachment":[{"href":"https:\/\/scoalagaliceamare.ro\/index.php?rest_route=%2Fwp%2Fv2%2Fmedia&parent=3"}],"curies":[{"name":"wp","href":"https:\/\/api.w.org\/{rel}","templated":true}]}}