{"id":543,"date":"2024-08-26T15:14:08","date_gmt":"2024-08-26T12:14:08","guid":{"rendered":"https:\/\/scoalagaliceamare.ro\/?page_id=543"},"modified":"2024-08-26T15:21:52","modified_gmt":"2024-08-26T12:21:52","slug":"managementul-cazurilor-de-violenta","status":"publish","type":"page","link":"https:\/\/scoalagaliceamare.ro\/?page_id=543","title":{"rendered":"Managementul cazurilor de violen\u021b\u0103"},"content":{"rendered":"\t\t<div data-elementor-type=\"wp-page\" data-elementor-id=\"543\" class=\"elementor elementor-543\">\n\t\t\t\t\t\t\t\t\t<section class=\"elementor-section elementor-top-section elementor-element elementor-element-7f211d7 elementor-section-boxed elementor-section-height-default elementor-section-height-default\" data-id=\"7f211d7\" data-element_type=\"section\">\n\t\t\t\t\t\t<div class=\"elementor-container elementor-column-gap-default\">\n\t\t\t\t\t<div class=\"elementor-column elementor-col-100 elementor-top-column elementor-element elementor-element-453c664\" data-id=\"453c664\" data-element_type=\"column\">\n\t\t\t<div class=\"elementor-widget-wrap elementor-element-populated\">\n\t\t\t\t\t\t\t\t<div class=\"elementor-element elementor-element-6ec5e03 elementor-widget elementor-widget-text-editor\" data-id=\"6ec5e03\" data-element_type=\"widget\" data-widget_type=\"text-editor.default\">\n\t\t\t\t<div class=\"elementor-widget-container\">\n\t\t\t<style>\/*! elementor - v3.7.1 - 14-08-2022 *\/\n.elementor-widget-text-editor.elementor-drop-cap-view-stacked .elementor-drop-cap{background-color:#818a91;color:#fff}.elementor-widget-text-editor.elementor-drop-cap-view-framed .elementor-drop-cap{color:#818a91;border:3px solid;background-color:transparent}.elementor-widget-text-editor:not(.elementor-drop-cap-view-default) .elementor-drop-cap{margin-top:8px}.elementor-widget-text-editor:not(.elementor-drop-cap-view-default) .elementor-drop-cap-letter{width:1em;height:1em}.elementor-widget-text-editor .elementor-drop-cap{float:left;text-align:center;line-height:1;font-size:50px}.elementor-widget-text-editor .elementor-drop-cap-letter{display:inline-block}<\/style>\t\t\t\t<p class=\"rtejustify\">Faptele de\u00a0<strong>violen\u021b\u0103 verbal\u0103, fizic\u0103, psihologic\u0103 &#8211; bullying, emo\u0163ional\u0103, sexual\u0103, social\u0103, cultural\u0103, cibernetic\u0103<\/strong>, c\u00e2t \u015fi orice alte activit\u0103\u0163i sau comportamente care pot pune \u00een pericol s\u0103n\u0103tatea sau integritatea beneficiarilor primari \u015fi a personalului din \u00eenv\u0103\u0163\u0103m\u00e2nt, sunt gestionate la nivelul unit\u0103\u021bilor de \u00eenv\u0103\u021b\u0103m\u00e2nt preuniversitar conform\u00a0<em><strong>Procedurii privind managementul cazurilor de violen\u021b\u0103 asupra antepre\u0219colarilor\/pre\u0219colarilor\/elevilor \u0219i a personalului unit\u0103\u021bii de \u00eenv\u0103\u021b\u0103m\u00e2nt, precum \u0219i al altor situa\u021bii corelate, \u00een mediul \u0219colar \u0219i a suspiciunii de violen\u021b\u0103 asupra copiilor \u00een afara mediului \u0219colar\u00a0<\/strong>(aprobat\u0103 prin\u00a0<a href=\"https:\/\/edu.ro\/sites\/default\/files\/_fi%C8%99iere\/Minister\/2023\/preuniversitar_root\/anti_violenta\/Procedura_MO_rev_anexa_6235.pdf\" target=\"_blank\" rel=\"noopener\"><strong>ordinul de ministru nr. 6.235\/2023<\/strong><\/a>)<\/em><\/p><blockquote><p class=\"rtejustify\">Procedura reglementeaz\u0103\u00a0<strong>modalit\u0103\u021bile de lucru, regulile aplicabile \u0219i responsabilit\u0103\u021bile<\/strong>\u00a0persoanelor implicate \u00een managementul interinstitu\u021bional \u015fi multidisciplinar al:<\/p><\/blockquote><ol><li class=\"rtejustify\"><p>cazurilor de\u00a0<strong>violen\u021b\u0103 u\u0219oar\u0103 \u00eentre antepre\u0219colari\/pre\u0219colari\/elevi<\/strong>, s\u0103v\u00e2r\u0219it\u0103 \u00een mediul \u0219colar ||\u00a0<a href=\"https:\/\/edu.ro\/sites\/default\/files\/_fi%C8%99iere\/Minister\/2023\/preuniversitar_root\/anti_violenta\/Minister_Forme_Usoare.pdf\" target=\"_blank\" rel=\"noopener\"><strong>descarc\u0103 schema de management<\/strong><\/a><\/p><\/li><li class=\"rtejustify\"><p>cazurilor de\u00a0<strong>violen\u021b\u0103 grav\u0103 \u00eentre pre\u0219colari\/elevi<\/strong>, s\u0103v\u00e2r\u0219it\u0103\u00a0\u00een mediul \u0219colar ||\u00a0<a href=\"https:\/\/edu.ro\/sites\/default\/files\/_fi%C8%99iere\/Minister\/2023\/preuniversitar_root\/anti_violenta\/Minister_Forme_Grave.pdf\" target=\"_blank\" rel=\"noopener\"><strong>descarc\u0103 schema de management<\/strong><\/a><\/p><\/li><li class=\"rtejustify\"><p>cazurilor de\u00a0<strong>violen\u021b\u0103 asupra antepre\u0219colarilor\/pre\u0219colarilor\/elevilor<\/strong>, s\u0103v\u00e2r\u0219it\u0103\u00a0de membri ai personalului unit\u0103\u021bii de \u00eenv\u0103\u021b\u0103m\u00e2nt, \u00een mediul \u0219colar ||\u00a0<a href=\"https:\/\/edu.ro\/sites\/default\/files\/_fi%C8%99iere\/Minister\/2023\/preuniversitar_root\/anti_violenta\/Minister_ViolentaPersonal-asupra-elevilor.pdf\" target=\"_blank\" rel=\"noopener\"><strong>descarc\u0103 schema de management<\/strong><\/a><\/p><\/li><li class=\"rtejustify\"><p>cazurilor de\u00a0<strong>violen\u021b\u0103 asupra personalului unit\u0103\u021bii de \u00eenv\u0103\u021b\u0103m\u00e2nt<\/strong>, s\u0103v\u00e2r\u0219it\u0103\u00a0de elevi, \u00een mediul \u0219colar ||\u00a0<a href=\"https:\/\/edu.ro\/sites\/default\/files\/_fi%C8%99iere\/Minister\/2023\/preuniversitar_root\/anti_violenta\/Minister_SM_violenta_elevi_asupra_personal.pdf\" target=\"_blank\" rel=\"noopener\"><strong>descarc\u0103 schema de management<\/strong><\/a><\/p><\/li><li class=\"rtejustify\"><p>suspiciunilor de violen\u021b\u0103 comis\u0103 asupra copilului\u00a0<strong>\u00een afara mediului \u0219colar<\/strong>\u00a0||\u00a0<a href=\"https:\/\/edu.ro\/sites\/default\/files\/_fi%C8%99iere\/Minister\/2023\/preuniversitar_root\/anti_violenta\/Minister_Violenta_inafarascolii.pdf\" target=\"_blank\" rel=\"noopener\"><strong>descarc\u0103 schema de management<\/strong><\/a><\/p><\/li><li class=\"rtejustify\"><p>cazurilor de suspiciune de consum de substan\u021be psihoactive \u00een r\u00e2ndul elevilor\u00a0||<strong>\u00a0<a href=\"https:\/\/edu.ro\/sites\/default\/files\/_fi%C8%99iere\/Minister\/2023\/preuniversitar_root\/anti_violenta\/Minister_SM_Substante.pdf\" target=\"_blank\" rel=\"noopener\">descarc\u0103 schema de management<\/a><\/strong><\/p><\/li><li class=\"rtejustify\"><p>cazurilor de suspiciune de port sau folosire, f\u0103r\u0103 drept, de obiecte periculoase sau suspiciunea s\u0103v\u00e2r\u0219irii, de c\u0103tre elevi, a unei infrac\u021biuni \u00een mediul \u0219colar ||\u00a0<a href=\"https:\/\/edu.ro\/sites\/default\/files\/_fi%C8%99iere\/Minister\/2023\/preuniversitar_root\/anti_violenta\/Minister_Remake_Portarma.pdf\" target=\"_blank\" rel=\"noopener\"><strong>descarc\u0103 schema de management<\/strong><\/a><\/p><\/li><\/ol><p class=\"rtejustify\">Cazurile de violen\u021b\u0103 pot fi\u00a0<strong>raportate<\/strong>:<\/p><ul><li class=\"rtejustify\"><p>de elevi, p\u0103rin\u021bi sau cadre didactice;<\/p><\/li><li class=\"rtejustify\"><p>verbal sau \u00een scris;<\/p><\/li><li class=\"rtejustify\"><p>oric\u0103rui membru al personalului \u0219colii;<\/p><\/li><li class=\"rtejustify\"><p>confiden\u021bial, prin mesaje la cutia cu sesiz\u0103ri\/alte mijloace puse la dispozi\u021bie de \u0219coal\u0103.<\/p><\/li><\/ul><p class=\"rtejustify\"><em>Personalul \u0219colii protejeaz\u0103 elevii \u0219i p\u0103rin\u021bii care raporteaz\u0103 fapte de violen\u021b\u0103 \u00eempotriva oric\u0103rei forme de discriminare sau r\u0103zbunare din partea celorlal\u021bi.<\/em><\/p><p class=\"rtejustify\"><strong>Prevederi principale:\u00a0<\/strong><\/p><ul><li class=\"rtejustify\"><p>dac\u0103 e martorul unei fapte de violen\u021b\u0103, personalul \u0219colii are obliga\u021bia<strong>\u00a0s\u0103 elimine riscurile<\/strong>, s\u0103 apeleze num\u0103rul unic de urgen\u0163\u0103\u00a0<strong>112<\/strong>\u00a0\u0219i s\u0103 le redea elevilor sentimentul de<strong>\u00a0siguran\u021b\u0103 fizic\u0103 \u0219i emo\u021bional\u0103;<\/strong><\/p><\/li><li class=\"rtejustify\"><p>\u00een cazul faptelor de violen\u021b\u0103 care constituie\u00a0<strong>infrac\u021biuni<\/strong>,\u00a0<strong>directorul<\/strong>\u00a0este obligat s\u0103 sesizeze\u00a0<strong>poli\u021bia<\/strong>;<\/p><\/li><li class=\"rtejustify\"><p>\u00een cazul faptelor de violen\u021b\u0103 grav\u0103 asupra minorilor (s\u0103v\u00e2r\u0219ite de pre\u0219colari\/elevi\/ personalul \u0219colii)\u00a0<strong>directorul<\/strong>\u00a0\u0219colii este obligat s\u0103 sesizeze\u00a0<strong>119 (DGASP);<\/strong><\/p><\/li><li class=\"rtejustify\"><p>personalul \u0219colii este obligat\u00a0<strong>s\u0103 comunice cu p\u0103rin\u021bii<\/strong>\/reprezentan\u021bii legali despre situa\u021bia de violen\u021b\u0103\/corelat\u0103\u00a0<strong>\u00een absen\u021ba antepre\u0219colarului\/pre\u0219colarului\/elevului<\/strong>, \u00een prezen\u021ba consilierului \u0219i\/sau mediatorului \u0219colar, \u00eentr-un spa\u021biu care\u00a0<strong>asigur\u0103 confiden\u021bialitatea<\/strong>\u00a0celor implica\u021bi;<\/p><\/li><li class=\"rtejustify\"><p>personalul \u0219colii realizeaz\u0103\/contribuie la\u00a0<strong>analiza cazului de violen\u021b\u0103<\/strong>, dup\u0103 caz, \u00een colaborare cu institu\u021biile abilitate &#8211;\u00a0<em>pentru prevenirea revictimiz\u0103rii, intervievarea repetat\u0103 a victimei\/victimelor este interzis\u0103<\/em>;<\/p><\/li><li class=\"rtejustify\"><p>personalul \u0219colii stabile\u0219te \u0219i aplic\u0103\u00a0<strong>m\u0103suri de sprijin pentru victime \u0219i autori<\/strong>, respectiv\u00a0<strong>sanc\u021biuni pentru autori<\/strong>;<\/p><\/li><li class=\"rtejustify\"><p>personalul UIP este obligat s\u0103 p\u0103streze confiden\u021bialitatea cu privire la identitatea persoanelor implicate \u00een situa\u021bia de violen\u021b\u0103 &#8211; autori \u0219i victime \u2013 respectiv a celor implica\u021bi \u00een situa\u021biile corelate, fa\u021b\u0103 de to\u021bi membrii comunit\u0103\u021bii \u0219colare, cu excep\u021bia persoanelor care au responsabilit\u0103\u021bi sau constituie persoane-resurs\u0103 \u00een managementul cazului.<\/p><\/li><li class=\"rtejustify\"><p>\u00een paralel cu managementul cazului, personalul \u0219colii completeaz\u0103\u00a0<a href=\"https:\/\/edu.ro\/sites\/default\/files\/_fi%C8%99iere\/Minister\/2023\/preuniversitar_root\/anti_violenta\/Fisa_management.zip\" target=\"_blank\" rel=\"noopener\"><strong>Fi\u0219a de management a cazurilor de violen\u021b\u0103<\/strong><\/a>\u00a0\u0219i o transmite spre \u00eenregistrare Comisiei pentru prevenirea \u0219i eliminarea violen\u021bei;<\/p><\/li><li class=\"rtejustify\"><p>\u00een paralel cu managementul cazului, dac\u0103 e necesar, Comisia pentru prevenirea \u0219i eliminarea violen\u021bei revizuie\u0219te\u00a0<strong><em>Planul \u0219colii de prevenire \u0219i reducere a violen\u021bei \u00een mediul \u0219colar<\/em>\u00a0<\/strong>\u0219i aplic\u0103\u00a0<strong>m\u0103suri de prevenire<\/strong>\u00a0a fenomenului.<\/p><\/li><\/ul><p class=\"rtejustify\"><strong>\u00a0M\u0103suri de sprijin recomandate:<\/strong><\/p><ul><li class=\"rtejustify\"><p>consiliere de grup \u015fi\/sau individual\u0103;<\/p><\/li><li class=\"rtejustify\"><p>organizarea \u015fi recomandarea particip\u0103rii la \u00eent\u00e2lnirile unui grup tematic de suport;<\/p><\/li><li class=\"rtejustify\"><p>organizarea \u015fi recomandarea particip\u0103rii copiilor implica\u0163i \u00een situa\u0163ii de violen\u0163\u0103 la activit\u0103\u0163i de dezvoltare a abilit\u0103\u0163ilor socio-emo\u021bionale \u015fi a strategiilor de autoreglare emo\u0163ional\u0103 \u00een momente de stres;<\/p><\/li><li class=\"rtejustify\"><p>referirea\/recomandarea pentru interven\u0163ie psihologic\u0103 \u015fi psihoterapeutic\u0103;<\/p><\/li><li class=\"rtejustify\"><p>identificarea resurselor pentru angajarea unui terapeut care s\u0103 asiste copilul victim\u0103 sau autor pe parcursul unei perioade de timp &#8211; servicii de tip shadow;<\/p><\/li><li class=\"rtejustify\"><p>activit\u0103\u0163i de combatere a discursului instigator la ur\u0103, a discrimin\u0103rii, a marginaliz\u0103rii, a normelor sociale care favorizeaz\u0103 violen\u0163a;<\/p><\/li><li class=\"rtejustify\"><p>activit\u0103\u0163i de mediere a conflictelor, prin abord\u0103ri restaurative &#8211; excep\u0163ie victimele violen\u0163ei de gen;<\/p><\/li><li class=\"rtejustify\"><p>transferul la o alt\u0103 clas\u0103\/forma\u0163iune de studiu, \u00een cazul elevilor victime ale unor situa\u0163ii de violen\u0163\u0103, la solicitarea p\u0103rin\u0163ilor\/reprezentan\u0163ilor legali.<\/p><\/li><\/ul><p class=\"rtejustify\">Conform legii nr. 198\/2023,\u00a0<strong>sanc\u0163iunile<\/strong>\u00a0ce pot fi aplicate elevilor, \u00een func\u0163ie de gravitatea faptelor, sunt:<\/p><ul><li class=\"rtejustify\"><p>observa\u0163ie individual\u0103;<\/p><\/li><li class=\"rtejustify\"><p>mustrare scris\u0103;<\/p><\/li><li class=\"rtejustify\"><p>retragerea temporar\u0103 sau pe durata \u00eentregului an \u015fcolar a burselor de care beneficiaz\u0103 elevul;<\/p><\/li><li class=\"rtejustify\"><p>mutarea disciplinar\u0103 la o clas\u0103 paralel\u0103 din aceea\u015fi unitate de \u00eenv\u0103\u0163\u0103m\u00e2nt;<\/p><\/li><li class=\"rtejustify\"><p>suspendarea elevului pe o durat\u0103 limitat\u0103 de timp;<\/p><\/li><li class=\"rtejustify\"><p>preavizul de exmatriculare;<\/p><\/li><li class=\"rtejustify\"><p>exmatricularea cu drept de re\u00eenscriere, \u00een anul \u015fcolar urm\u0103tor, \u00een aceea\u015fi unitate de \u00eenv\u0103\u0163\u0103m\u00e2nt;<\/p><\/li><li class=\"rtejustify\"><p>exmatricularea cu drept de re\u00eenscriere, \u00een anul \u015fcolar urm\u0103tor, \u00een alt\u0103 unitate de \u00eenv\u0103\u0163\u0103m\u00e2nt;<\/p><\/li><li class=\"rtejustify\"><p>exmatricularea f\u0103r\u0103 drept de re\u00eenscriere pentru elevii din \u00eenv\u0103\u0163\u0103m\u00e2ntul postliceal.<\/p><\/li><\/ul><p class=\"rtejustify\"><strong>Rolul Comisiei pentru prevenirea \u0219i eliminarea violen\u021bei, a faptelor de corup\u021bie \u0219i discrimin\u0103rii \u00een mediul \u0219colar \u0219i promovarea interculturalit\u0103\u021bii (CPEV):<\/strong><\/p><ul><li class=\"rtejustify\"><p><strong>coordoneaz\u0103 elaborarea, revizuirea \u015fi aplicarea<\/strong>\u00a0<em>Planului de prevenire \u015fi reducere a violen\u0163ei \u00een mediul \u015fcolar al unit\u0103\u021bii de \u00eenv\u0103\u021b\u0103m\u00e2nt preuniversitar<\/em>;<\/p><\/li><li class=\"rtejustify\"><p><strong>analizeaz\u0103 factorii \u0219colari\u00a0<\/strong>care au condus la s\u0103v\u00e2r\u0219irea faptelor de violen\u021b\u0103 \u0219i dac\u0103 e necesar revizuie\u0219te Planului de prevenire \u015fi reducere a violen\u0163ei \u00een mediul \u015fcolar al unit\u0103\u021bii de \u00eenv\u0103\u021b\u0103m\u00e2nt preuniversitar;<\/p><\/li><li class=\"rtejustify\"><p><strong>\u00eenregistreaz\u0103 cazurile<\/strong>\u00a0de violen\u021b\u0103 s\u0103v\u00e2r\u0219ite \u00een mediul \u0219colar;<\/p><\/li><li class=\"rtejustify\"><p><strong>realizeaz\u0103 un raport<\/strong>\u00a0privind inciden\u021ba, respectiv prevenirea violen\u021bei, pe care \u00eel comunic\u0103 Comisiei pentru evaluarea \u015fi asigurarea calit\u0103\u0163ii (CEAC), \u00een vederea includerii acestuia \u00een raportul general privind starea \u015fi calitatea \u00eenv\u0103\u0163\u0103m\u00e2ntului \u00een anul \u015fcolar respectiv.<\/p><\/li><\/ul><blockquote><p class=\"rtejustify\"><strong>Colaborarea cu poli\u021bia\u00a0<\/strong><\/p><\/blockquote><p>Poli\u021bia este sesizat\u0103 prin<strong>\u00a0112\u00a0<\/strong>sau prin dispeceratul subunit\u0103\u021bilor de poli\u021bie, astfel c\u0103 cel mai apropiat poli\u021bist se va prezenta la \u0219coal\u0103 \u00een cel scurt timp posibil.<\/p><p><strong>M\u0103suri\/activit\u0103\u021bi specifice poli\u021biei:<\/strong><\/p><ul><li><p>controlul corporal;<\/p><\/li><li><p>controlul bagajelor;<\/p><\/li><li><p>conservarea probelor;<\/p><\/li><li><p>aplicarea de sanc\u021biuni contraven\u021bionale;\u00a0<\/p><\/li><li><p>audierea autorilor, victimelor \u0219i martorilor;<\/p><\/li><li><p>conducerea persoanelor implicate la sediul subunit\u0103\u021bii de poli\u021bie.\u00a0<\/p><\/li><\/ul><p>\u00cen urma evenimentului structura pentru siguran\u021ba \u0219colar\u0103 va realiza, dup\u0103 caz, o analiz\u0103 a acestuia.<\/p><p>Re\u021binerea \u015fi arestarea preventiv\u0103 pot fi luate fa\u0163\u0103 de minor numai \u00een mod excep\u0163ional, numai dac\u0103 efectele pe care privarea de libertate le-ar avea asupra personalit\u0103\u0163ii \u015fi dezvolt\u0103rii acestuia nu sunt dispropor\u0163ionate fa\u0163\u0103 de scopul urm\u0103rit prin luarea m\u0103surii.<\/p><blockquote><p class=\"rtejustify\"><strong>Colaborarea cu Serviciile publice de asisten\u021b\u0103 social\u0103<\/strong><\/p><\/blockquote><ul><li class=\"rtejustify\"><p>Serviciile publice de asisten\u021b\u0103 social\u0103 sunt sesizate prin 119;\u00a0<\/p><\/li><li class=\"rtejustify\"><p>Dac\u0103 situa\u021bia sesizat\u0103 la 119 este \u00eencadrat\u0103 ca urgen\u021b\u0103 (abuz sexual, munci intolerabile \u0219i trafic de minori, copilul refuz\u0103 s\u0103 mearg\u0103 acas\u0103), DGASPC trimite echipa mobil\u0103 (asistent social\/psiholog de la DGASPC) la unitatea de \u00eenv\u0103\u021b\u0103m\u00e2nt pentru evaluarea ini\u021bial\u0103 \u0219i gestionarea situa\u021biei la fa\u021ba locului, \u00een maxim o or\u0103.\u00a0<\/p><\/li><li class=\"rtejustify\"><p>\u00a0\u00cen situa\u021biile care nu reprezint\u0103 o urgen\u021b\u0103, reprezentan\u021bii SPAS, la solicitarea DGASPC, realizeaz\u0103 evaluarea ini\u021bial\u0103 a situa\u021biei \u00een maximum 72 de ore de la \u00eenregistrarea cazurilor la DGASPC.\u00a0<\/p><\/li><li class=\"rtejustify\"><p>Dup\u0103 \u00eenregistrarea cazului la DGASPC \u00een urma sesiz\u0103rii la 119, directorul DGASPC desemneaz\u0103 un manager de caz, care va constitui o echip\u0103 multidisciplinar\u0103 \u0219i interinstitu\u021bional\u0103, potrivit prevederilor HG 49\/2011 (asistent social, psiholog, medic, poli\u021bist, jurist, cadru didactic).\u00a0<\/p><\/li><li class=\"rtejustify\"><p>Echipa multidisciplinar\u0103 \u0219i interinstitu\u021bional\u0103,\u00a0 sub coordonarea managerului de caz:<\/p><ul><li><p>evalueaz\u0103 cazul;\u00a0<\/p><\/li><li><p>elaboreaz\u0103, aplic\u0103 \u0219i monitorizeaz\u0103\u00a0<em>Planul de reabilitare \u0219i reintegrare social\u0103<\/em>\u00a0<\/p><\/li><\/ul><\/li><li class=\"rtejustify\"><p>DGASPC \u0219i furnizorii priva\u021bi pot oferi servicii specializate pentru copii \u0219i familia\/ familiile acestora \u00een cadrul centrelor de consiliere pentru copiii abuza\u021bi, neglija\u021bi, exploata\u021bi, centrelor de consiliere pentru copiii victime ale traficului, centrelor de prevenire a abuzului, neglij\u0103rii, exploat\u0103rii copilului, iar \u00een lipsa acestora &#8211;\u00a0centrelor de consiliere pentru p\u0103rin\u021bi \u0219i copii, centrelor de zi.<\/p><\/li><\/ul><div>sursa:\u00a0https:\/\/edu.ro\/management_cazuri_violenta<\/div>\t\t\t\t\t\t<\/div>\n\t\t\t\t<\/div>\n\t\t\t\t\t<\/div>\n\t\t<\/div>\n\t\t\t\t\t\t\t<\/div>\n\t\t<\/section>\n\t\t\t\t<section class=\"elementor-section elementor-top-section elementor-element elementor-element-00e817e elementor-section-boxed elementor-section-height-default elementor-section-height-default\" data-id=\"00e817e\" data-element_type=\"section\">\n\t\t\t\t\t\t<div class=\"elementor-container elementor-column-gap-default\">\n\t\t\t\t\t<div class=\"elementor-column elementor-col-100 elementor-top-column elementor-element elementor-element-2d3f20a\" data-id=\"2d3f20a\" data-element_type=\"column\">\n\t\t\t<div class=\"elementor-widget-wrap elementor-element-populated\">\n\t\t\t\t\t\t\t\t<div class=\"elementor-element elementor-element-7b0a979 elementor-widget elementor-widget-image\" data-id=\"7b0a979\" data-element_type=\"widget\" data-widget_type=\"image.default\">\n\t\t\t\t<div class=\"elementor-widget-container\">\n\t\t\t<style>\/*! elementor - v3.7.1 - 14-08-2022 *\/\n.elementor-widget-image{text-align:center}.elementor-widget-image a{display:inline-block}.elementor-widget-image a img[src$=\".svg\"]{width:48px}.elementor-widget-image img{vertical-align:middle;display:inline-block}<\/style>\t\t\t\t\t\t\t\t\t\t\t\t<img loading=\"lazy\" decoding=\"async\" width=\"2560\" height=\"1811\" src=\"https:\/\/scoalagaliceamare.ro\/wp-content\/uploads\/2024\/08\/Tabel_Procedura-1-scaled.jpg\" class=\"attachment-full size-full\" alt=\"Schem\u0103 responsabilit\u0103\u021bi\" srcset=\"https:\/\/scoalagaliceamare.ro\/wp-content\/uploads\/2024\/08\/Tabel_Procedura-1-scaled.jpg 2560w, https:\/\/scoalagaliceamare.ro\/wp-content\/uploads\/2024\/08\/Tabel_Procedura-1-300x212.jpg 300w, https:\/\/scoalagaliceamare.ro\/wp-content\/uploads\/2024\/08\/Tabel_Procedura-1-1024x724.jpg 1024w, https:\/\/scoalagaliceamare.ro\/wp-content\/uploads\/2024\/08\/Tabel_Procedura-1-768x543.jpg 768w, https:\/\/scoalagaliceamare.ro\/wp-content\/uploads\/2024\/08\/Tabel_Procedura-1-1536x1086.jpg 1536w, https:\/\/scoalagaliceamare.ro\/wp-content\/uploads\/2024\/08\/Tabel_Procedura-1-2048x1449.jpg 2048w\" sizes=\"auto, (max-width: 2560px) 100vw, 2560px\" \/>\t\t\t\t\t\t\t\t\t\t\t\t\t\t\t<\/div>\n\t\t\t\t<\/div>\n\t\t\t\t\t<\/div>\n\t\t<\/div>\n\t\t\t\t\t\t\t<\/div>\n\t\t<\/section>\n\t\t\t\t\t\t\t<\/div>\n\t\t","protected":false},"excerpt":{"rendered":"<p>Faptele de\u00a0violen\u021b\u0103 verbal\u0103, fizic\u0103, psihologic\u0103 &#8211; bullying, emo\u0163ional\u0103, sexual\u0103, social\u0103, cultural\u0103, cibernetic\u0103, c\u00e2t \u015fi orice alte activit\u0103\u0163i sau comportamente care pot pune \u00een pericol s\u0103n\u0103tatea sau integritatea beneficiarilor primari \u015fi a personalului din \u00eenv\u0103\u0163\u0103m\u00e2nt, sunt gestionate la nivelul unit\u0103\u021bilor de \u00eenv\u0103\u021b\u0103m\u00e2nt preuniversitar conform\u00a0Procedurii privind managementul cazurilor de violen\u021b\u0103 asupra antepre\u0219colarilor\/pre\u0219colarilor\/elevilor \u0219i a personalului unit\u0103\u021bii de [&hellip;]<\/p>\n","protected":false},"author":1,"featured_media":0,"parent":0,"menu_order":0,"comment_status":"closed","ping_status":"closed","template":"","meta":{"footnotes":""},"class_list":["post-543","page","type-page","status-publish","hentry","entry"],"_links":{"self":[{"href":"https:\/\/scoalagaliceamare.ro\/index.php?rest_route=\/wp\/v2\/pages\/543","targetHints":{"allow":["GET"]}}],"collection":[{"href":"https:\/\/scoalagaliceamare.ro\/index.php?rest_route=\/wp\/v2\/pages"}],"about":[{"href":"https:\/\/scoalagaliceamare.ro\/index.php?rest_route=\/wp\/v2\/types\/page"}],"author":[{"embeddable":true,"href":"https:\/\/scoalagaliceamare.ro\/index.php?rest_route=\/wp\/v2\/users\/1"}],"replies":[{"embeddable":true,"href":"https:\/\/scoalagaliceamare.ro\/index.php?rest_route=%2Fwp%2Fv2%2Fcomments&post=543"}],"version-history":[{"count":12,"href":"https:\/\/scoalagaliceamare.ro\/index.php?rest_route=\/wp\/v2\/pages\/543\/revisions"}],"predecessor-version":[{"id":557,"href":"https:\/\/scoalagaliceamare.ro\/index.php?rest_route=\/wp\/v2\/pages\/543\/revisions\/557"}],"wp:attachment":[{"href":"https:\/\/scoalagaliceamare.ro\/index.php?rest_route=%2Fwp%2Fv2%2Fmedia&parent=543"}],"curies":[{"name":"wp","href":"https:\/\/api.w.org\/{rel}","templated":true}]}}