{"id":97,"date":"2022-09-17T13:18:41","date_gmt":"2022-09-17T10:18:41","guid":{"rendered":"https:\/\/scoalagaliceamare.ro\/?page_id=97"},"modified":"2023-10-03T18:22:04","modified_gmt":"2023-10-03T15:22:04","slug":"hotarari-ca","status":"publish","type":"page","link":"https:\/\/scoalagaliceamare.ro\/?page_id=97","title":{"rendered":"Consiliu de administra\u021bie"},"content":{"rendered":"\t\t<div data-elementor-type=\"wp-page\" data-elementor-id=\"97\" class=\"elementor elementor-97\">\n\t\t\t\t\t\t\t\t\t<section class=\"elementor-section elementor-top-section elementor-element elementor-element-9bb5793 elementor-section-boxed elementor-section-height-default elementor-section-height-default\" data-id=\"9bb5793\" data-element_type=\"section\">\n\t\t\t\t\t\t<div class=\"elementor-container elementor-column-gap-default\">\n\t\t\t\t\t<div class=\"elementor-column elementor-col-100 elementor-top-column elementor-element elementor-element-8244a60\" data-id=\"8244a60\" data-element_type=\"column\">\n\t\t\t<div class=\"elementor-widget-wrap elementor-element-populated\">\n\t\t\t\t\t\t\t\t<div class=\"elementor-element elementor-element-381bfa8 elementor-widget elementor-widget-text-editor\" data-id=\"381bfa8\" data-element_type=\"widget\" data-widget_type=\"text-editor.default\">\n\t\t\t\t<div class=\"elementor-widget-container\">\n\t\t\t<style>\/*! elementor - v3.7.1 - 14-08-2022 *\/\n.elementor-widget-text-editor.elementor-drop-cap-view-stacked .elementor-drop-cap{background-color:#818a91;color:#fff}.elementor-widget-text-editor.elementor-drop-cap-view-framed .elementor-drop-cap{color:#818a91;border:3px solid;background-color:transparent}.elementor-widget-text-editor:not(.elementor-drop-cap-view-default) .elementor-drop-cap{margin-top:8px}.elementor-widget-text-editor:not(.elementor-drop-cap-view-default) .elementor-drop-cap-letter{width:1em;height:1em}.elementor-widget-text-editor .elementor-drop-cap{float:left;text-align:center;line-height:1;font-size:50px}.elementor-widget-text-editor .elementor-drop-cap-letter{display:inline-block}<\/style>\t\t\t\t\t\t\t\t\t\t<\/div>\n\t\t\t\t<\/div>\n\t\t\t\t\t<\/div>\n\t\t<\/div>\n\t\t\t\t\t\t\t<\/div>\n\t\t<\/section>\n\t\t\t\t<section class=\"elementor-section elementor-top-section elementor-element elementor-element-d4270ff elementor-section-boxed elementor-section-height-default elementor-section-height-default\" data-id=\"d4270ff\" data-element_type=\"section\">\n\t\t\t\t\t\t<div class=\"elementor-container elementor-column-gap-default\">\n\t\t\t\t\t<div class=\"elementor-column elementor-col-100 elementor-top-column elementor-element elementor-element-ad32a64\" data-id=\"ad32a64\" data-element_type=\"column\">\n\t\t\t<div class=\"elementor-widget-wrap elementor-element-populated\">\n\t\t\t\t\t\t\t\t<div class=\"elementor-element elementor-element-ac93b2b elementor-widget elementor-widget-text-editor\" data-id=\"ac93b2b\" data-element_type=\"widget\" data-widget_type=\"text-editor.default\">\n\t\t\t\t<div class=\"elementor-widget-container\">\n\t\t\t\t\t\t\t<h2><strong>2023-2024<\/strong><\/h2>\n<h2>Componen\u021ba Consiliului de Administra\u021bie:<\/h2>\n<p><strong>Pre\u0219edinte<\/strong>: Neam\u021bu Costel<\/p>\n<p><strong>Membrii<\/strong>: Constantinescu Ramona, Renghea Eufrusina-F\u0103nica, P\u0103sat-Mic Elena-Corina<\/p>\n<p><strong>Reprezentantul p\u0103rin\u021bilor<\/strong>: B\u0103rbuceanu-Neagoe Olimpia, Ostroveanu Corina<\/p>\n<p><strong>Reprezentant al Consiliului Local<\/strong>: Corneanu \u0218tefan<\/p>\n<p><strong>Reprezentant al Primarului<\/strong>: Balica Irinel-Floric\u0103<\/p>\t\t\t\t\t\t<\/div>\n\t\t\t\t<\/div>\n\t\t\t\t\t<\/div>\n\t\t<\/div>\n\t\t\t\t\t\t\t<\/div>\n\t\t<\/section>\n\t\t\t\t<section class=\"elementor-section elementor-top-section elementor-element elementor-element-49638a9 elementor-section-boxed elementor-section-height-default elementor-section-height-default\" data-id=\"49638a9\" data-element_type=\"section\">\n\t\t\t\t\t\t<div class=\"elementor-container elementor-column-gap-default\">\n\t\t\t\t\t<div class=\"elementor-column elementor-col-100 elementor-top-column elementor-element elementor-element-fd57386\" data-id=\"fd57386\" data-element_type=\"column\">\n\t\t\t<div class=\"elementor-widget-wrap elementor-element-populated\">\n\t\t\t\t\t\t\t\t<div class=\"elementor-element elementor-element-4c3c01f elementor-widget elementor-widget-text-editor\" data-id=\"4c3c01f\" data-element_type=\"widget\" data-widget_type=\"text-editor.default\">\n\t\t\t\t<div class=\"elementor-widget-container\">\n\t\t\t\t\t\t\t<h2><strong>2022-2023<\/strong><\/h2><h2>Componen\u021ba Consiliului de Administra\u021bie:<\/h2><p><strong>Pre\u0219edinte<\/strong>: Neamtu Costel<\/p><p><strong>Membrii<\/strong>: Constantinescu Ramona, Gologan Veronica, Pasat-Mic Elena-Corina<\/p><p><strong>Reprezentantul p\u0103rin\u021bilor<\/strong>: Barbuceanu &#8211; Neagoe Olimpia, Ostroveanu Corina<\/p><p><strong>Reprezentan\u021bii Consiliului Local<\/strong>: Renghea Eufrusina-Fanica, Vladoianu Aurel Constantin<\/p><p><strong>Reprezentant primar<\/strong>: Balica Irinel Florica<\/p>\t\t\t\t\t\t<\/div>\n\t\t\t\t<\/div>\n\t\t\t\t\t<\/div>\n\t\t<\/div>\n\t\t\t\t\t\t\t<\/div>\n\t\t<\/section>\n\t\t\t\t\t\t\t<\/div>\n\t\t","protected":false},"excerpt":{"rendered":"<p>2023-2024 Componen\u021ba Consiliului de Administra\u021bie: Pre\u0219edinte: Neam\u021bu Costel Membrii: Constantinescu Ramona, Renghea Eufrusina-F\u0103nica, P\u0103sat-Mic Elena-Corina Reprezentantul p\u0103rin\u021bilor: B\u0103rbuceanu-Neagoe Olimpia, Ostroveanu Corina Reprezentant al Consiliului Local: Corneanu \u0218tefan Reprezentant al Primarului: Balica Irinel-Floric\u0103 2022-2023 Componen\u021ba Consiliului de Administra\u021bie: Pre\u0219edinte: Neamtu Costel Membrii: Constantinescu Ramona, Gologan Veronica, Pasat-Mic Elena-Corina Reprezentantul p\u0103rin\u021bilor: Barbuceanu &#8211; Neagoe Olimpia, Ostroveanu Corina [&hellip;]<\/p>\n","protected":false},"author":1,"featured_media":0,"parent":0,"menu_order":0,"comment_status":"closed","ping_status":"closed","template":"","meta":{"footnotes":""},"class_list":["post-97","page","type-page","status-publish","hentry","entry"],"_links":{"self":[{"href":"https:\/\/scoalagaliceamare.ro\/index.php?rest_route=\/wp\/v2\/pages\/97","targetHints":{"allow":["GET"]}}],"collection":[{"href":"https:\/\/scoalagaliceamare.ro\/index.php?rest_route=\/wp\/v2\/pages"}],"about":[{"href":"https:\/\/scoalagaliceamare.ro\/index.php?rest_route=\/wp\/v2\/types\/page"}],"author":[{"embeddable":true,"href":"https:\/\/scoalagaliceamare.ro\/index.php?rest_route=\/wp\/v2\/users\/1"}],"replies":[{"embeddable":true,"href":"https:\/\/scoalagaliceamare.ro\/index.php?rest_route=%2Fwp%2Fv2%2Fcomments&post=97"}],"version-history":[{"count":33,"href":"https:\/\/scoalagaliceamare.ro\/index.php?rest_route=\/wp\/v2\/pages\/97\/revisions"}],"predecessor-version":[{"id":407,"href":"https:\/\/scoalagaliceamare.ro\/index.php?rest_route=\/wp\/v2\/pages\/97\/revisions\/407"}],"wp:attachment":[{"href":"https:\/\/scoalagaliceamare.ro\/index.php?rest_route=%2Fwp%2Fv2%2Fmedia&parent=97"}],"curies":[{"name":"wp","href":"https:\/\/api.w.org\/{rel}","templated":true}]}}